{"id":7220,"date":"2024-07-16T16:35:24","date_gmt":"2024-07-16T14:35:24","guid":{"rendered":"https:\/\/football4inclusion.com\/?page_id=7220"},"modified":"2026-04-29T09:11:37","modified_gmt":"2026-04-29T07:11:37","slug":"turnier-ziele","status":"publish","type":"page","link":"https:\/\/football4inclusion.com\/en\/amputee-turnier\/turnier-ziele\/","title":{"rendered":"Tournament &amp; Goals"},"content":{"rendered":"<div data-elementor-type=\"wp-page\" data-elementor-id=\"7220\" class=\"elementor elementor-7220\">\n\t\t\t\t\t\t\t\t\t<section class=\"elementor-section elementor-top-section elementor-element elementor-element-fea5300 elementor-section-boxed elementor-section-height-default elementor-section-height-default\" data-id=\"fea5300\" data-element_type=\"section\">\n\t\t\t\t\t\t<div class=\"elementor-container elementor-column-gap-extended\">\n\t\t\t\t\t<div class=\"elementor-column elementor-col-100 elementor-top-column elementor-element elementor-element-6ae33a2 sc_inner_width_none sc_layouts_column_icons_position_left\" data-id=\"6ae33a2\" data-element_type=\"column\">\n\t\t\t<div class=\"elementor-widget-wrap elementor-element-populated\">\n\t\t\t\t\t\t\t\t<div class=\"elementor-element elementor-element-e5f2c3f sc_fly_static elementor-widget elementor-widget-trx_sc_title\" data-id=\"e5f2c3f\" data-element_type=\"widget\" data-widget_type=\"trx_sc_title.default\">\n\t\t\t\t<div class=\"elementor-widget-container\">\n\t\t\t<div id=\"trx_sc_title_1864044369\"\n\t\tclass=\"sc_title sc_title_default\"><span class=\"sc_item_subtitle sc_title_subtitle sc_item_subtitle_above sc_item_title_style_default\">Tournament &amp; Goals<\/span><h2 class=\"sc_item_title sc_title_title sc_item_title_style_default\"><span class=\"sc_item_title_text\">Amputee Football<\/span><\/h2><\/div><!-- \/.sc_title -->\t\t<\/div>\n\t\t\t\t<\/div>\n\t\t\t\t<div class=\"elementor-element elementor-element-35010af sc_fly_static elementor-widget elementor-widget-text-editor\" data-id=\"35010af\" data-element_type=\"widget\" data-widget_type=\"text-editor.default\">\n\t\t\t\t<div class=\"elementor-widget-container\">\n\t\t\t\t\t\t\t<p>Das Amputee Tournament ist ein Turnier f\u00fcr erwachsene Spieler mit Amputationen, bei dem durch Sport und Bewegung Inklusion und gesellschaftliche Teilhabe gef\u00f6rdert werden. Dieses Turnier soll als Beispiel f\u00fcr Spieler aus Fussballteams f\u00fcr Amputierte aus ganz Europa dienen, die sonst Schwierigkeiten h\u00e4tten, inklusive Sportveranstaltungen zu besuchen.<\/p>\n<p>Our aim is to use the power and variety of sport to give amputee teams the joy and fun of exercise and to provide barrier-free access to sport, enabling them to participate and enjoy equal opportunities.<\/p>\n<p>Dieses Jahr treten vier Teams aus verschiedenen L\u00e4ndern gegeneinander an: der Ukraine, Albanien, Griechenland und Frankreich. Diese Teams zeigen eindrucksvoll, dass Fussball keine Grenzen kennt und dass sportlicher Ehrgeiz und Teamgeist auch unter besonderen Bedingungen gedeihen k\u00f6nnen.<\/p>\t\t\t\t\t\t<\/div>\n\t\t\t\t<\/div>\n\t\t\t\t<div class=\"elementor-element elementor-element-22bd1b8 sc_fly_static elementor-widget elementor-widget-text-editor\" data-id=\"22bd1b8\" data-element_type=\"widget\" data-widget_type=\"text-editor.default\">\n\t\t\t\t<div class=\"elementor-widget-container\">\n\t\t\t\t\t\t\t\t\t\t\t\t\t<\/div>\n\t\t\t\t<\/div>\n\t\t\t\t\t<\/div>\n\t\t<\/div>\n\t\t\t\t\t\t\t<\/div>\n\t\t<\/section>\n\t\t\t\t<section class=\"elementor-section elementor-top-section elementor-element elementor-element-da40939 elementor-section-boxed elementor-section-height-default elementor-section-height-default\" data-id=\"da40939\" data-element_type=\"section\">\n\t\t\t\t\t\t<div class=\"elementor-container elementor-column-gap-extended\">\n\t\t\t\t\t<div class=\"elementor-column elementor-col-100 elementor-top-column elementor-element elementor-element-76e11b6 sc_inner_width_none sc_layouts_column_icons_position_left\" data-id=\"76e11b6\" data-element_type=\"column\">\n\t\t\t<div class=\"elementor-widget-wrap elementor-element-populated\">\n\t\t\t\t\t\t\t\t<div class=\"elementor-element elementor-element-2f4898e sc_fly_static elementor-widget elementor-widget-trx_widget_slider\" data-id=\"2f4898e\" data-element_type=\"widget\" data-widget_type=\"trx_widget_slider.default\">\n\t\t\t\t<div class=\"elementor-widget-container\">\n\t\t\t<div id=\"trx_widget_slider_1307609316\" class=\"widget_area sc_widget_slider\"><aside id=\"trx_widget_slider_1307609316_widget\" class=\"widget widget_slider\">\t\t\t<div class=\"slider_wrap slider_engine_swiper\">\n\t\t\t\t<div id=\"trx_widget_slider_1307609316_outer\" class=\"slider_outer slider_swiper_outer slider_style_default slider_outer_direction_horizontal slider_outer_one slider_outer_pagination slider_outer_pagination_bullets slider_outer_pagination_pos_bottom slider_outer_nocontrols slider_outer_nocentered slider_outer_overflow_hidden slider_outer_titles_center\"><div id=\"trx_widget_slider_1307609316_swiper\" class=\"slider_container slider_swiper swiper-slider-container slider_nocontrols slider_nocentered slider_overflow_hidden slider_titles_center slider_resize slider_swipe slider_height_fixed slider_direction_horizontal slider_pagination slider_pagination_bullets slider_pagination_pos_bottom slider_one slider_type_bg\" data-ratio=\"16:9\" data-interval=\"7000\" data-effect=\"slide\" data-pagination=\"bullets\" data-direction=\"horizontal\" data-slides-per-view=\"1\" data-slides-space=\"0\" data-slides-centered=\"0\" data-slides-overflow=\"0\" data-mouse-wheel=\"0\" data-autoplay=\"1\" data-slides-min-width=\"150\" style=\"height:350px;\"><div class=\"slider-wrapper swiper-wrapper\"><div  class=\"slider-slide swiper-slide\" data-image=\"\/\/football4inclusion.com\/wp-content\/uploads\/2023\/12\/FC-Liverpool-Handshake.jpg\" style=\"background-image:url(\/\/football4inclusion.com\/wp-content\/uploads\/2023\/12\/FC-Liverpool-Handshake.jpg);\"><\/div><div  class=\"slider-slide swiper-slide\" data-image=\"\/\/football4inclusion.com\/wp-content\/uploads\/2023\/12\/DSC_8029.jpg\" style=\"background-image:url(\/\/football4inclusion.com\/wp-content\/uploads\/2023\/12\/DSC_8029.jpg);\"><\/div><\/div><!-- \/.slider-wrapper --><div class=\"slider_pagination_wrap swiper-pagination\"><\/div><\/div><!-- \/.slider_container --><\/div><!-- \/.slider_outer -->\t\t\t<\/div>\n\t\t\t<\/aside><\/div>\t\t<\/div>\n\t\t\t\t<\/div>\n\t\t\t\t<div class=\"elementor-element elementor-element-bb41d3a sc_fly_static elementor-widget elementor-widget-text-editor\" data-id=\"bb41d3a\" data-element_type=\"widget\" data-widget_type=\"text-editor.default\">\n\t\t\t\t<div class=\"elementor-widget-container\">\n\t\t\t\t\t\t\t\t\t\t\t\t\t<\/div>\n\t\t\t\t<\/div>\n\t\t\t\t\t<\/div>\n\t\t<\/div>\n\t\t\t\t\t\t\t<\/div>\n\t\t<\/section>\n\t\t\t\t\t\t\t<\/div>","protected":false},"excerpt":{"rendered":"<p>Turnier &#038; Ziele Amputee Football Das Amputee Tournament ist ein Turnier f\u00fcr erwachsene Spieler mit Amputationen, bei dem durch Sport und Bewegung Inklusion und gesellschaftliche Teilhabe gef\u00f6rdert werden. Dieses Turnier soll als Beispiel f\u00fcr Spieler aus Fussballteams f\u00fcr Amputierte&hellip;<\/p>","protected":false},"author":1,"featured_media":0,"parent":7218,"menu_order":0,"comment_status":"closed","ping_status":"closed","template":"","meta":{"footnotes":""},"class_list":["post-7220","page","type-page","status-publish","hentry"],"acf":[],"_links":{"self":[{"href":"https:\/\/football4inclusion.com\/en\/wp-json\/wp\/v2\/pages\/7220","targetHints":{"allow":["GET"]}}],"collection":[{"href":"https:\/\/football4inclusion.com\/en\/wp-json\/wp\/v2\/pages"}],"about":[{"href":"https:\/\/football4inclusion.com\/en\/wp-json\/wp\/v2\/types\/page"}],"author":[{"embeddable":true,"href":"https:\/\/football4inclusion.com\/en\/wp-json\/wp\/v2\/users\/1"}],"replies":[{"embeddable":true,"href":"https:\/\/football4inclusion.com\/en\/wp-json\/wp\/v2\/comments?post=7220"}],"version-history":[{"count":9,"href":"https:\/\/football4inclusion.com\/en\/wp-json\/wp\/v2\/pages\/7220\/revisions"}],"predecessor-version":[{"id":7946,"href":"https:\/\/football4inclusion.com\/en\/wp-json\/wp\/v2\/pages\/7220\/revisions\/7946"}],"up":[{"embeddable":true,"href":"https:\/\/football4inclusion.com\/en\/wp-json\/wp\/v2\/pages\/7218"}],"wp:attachment":[{"href":"https:\/\/football4inclusion.com\/en\/wp-json\/wp\/v2\/media?parent=7220"}],"curies":[{"name":"wp","href":"https:\/\/api.w.org\/{rel}","templated":true}]}}